{"id":36,"date":"2023-11-04T16:33:51","date_gmt":"2023-11-04T16:33:51","guid":{"rendered":"https:\/\/jogaafaalatt.hu\/?page_id=36"},"modified":"2025-10-25T16:03:39","modified_gmt":"2025-10-25T16:03:39","slug":"kapcsolat","status":"publish","type":"page","link":"https:\/\/jogaafaalatt.hu\/index.php\/kapcsolat\/","title":{"rendered":"Kapcsolat"},"content":{"rendered":"<div class=\"et_pb_section_0 et_pb_section et_section_regular et_block_section\"><div class=\"et_pb_row_0 et_pb_row et_block_row\"><div class=\"et_pb_column_0 et_pb_column et_pb_column_1_2 et_block_column et_pb_css_mix_blend_mode_passthrough\"><div class=\"et_pb_text_0 et_pb_text et_pb_bg_layout_light et_pb_module et_flex_module\"><div class=\"et_pb_text_inner\"><p>J\u00f3ga\u00f3r\u00e1ra val\u00f3 bejelntkez\u00e9st megteheted facebookon, emailen, vagy az al\u00e1bbi Kapcsolat formon kereszt\u00fcl.<\/p>\n<\/div><\/div><\/div><div class=\"et_pb_column_1 et_pb_column et_pb_column_1_2 et-last-child et_block_column et_pb_css_mix_blend_mode_passthrough\"><ul class=\"et_pb_social_media_follow_0 et_pb_social_media_follow clearfix et_pb_bg_layout_light et_pb_module et_flex_module\"><li class=\"et_pb_social_media_follow_network_0 et_pb_social_media_follow_network et_pb_social_icon et_pb_social_network_link et-social-facebook et_pb_module et_flex_module\"><a href=\"https:\/\/www.facebook.com\/profile.php?id=61552942296366\" class=\"icon\" target=\"_self\" title=\"Follow on Facebook\" rel=\"noopener\"><span class=\"et_pb_social_media_follow_network_name\">Follow<\/span><\/a><\/li><li class=\"et_pb_social_media_follow_network_1 et_pb_social_media_follow_network et_pb_social_icon et_pb_social_network_link et-social-instagram et_pb_module et_flex_module\"><a href=\"https:\/\/www.instagram.com\/joga_a_fa_alatt\/\" class=\"icon\" target=\"_self\" title=\"Follow on Instagram\" rel=\"noopener\"><span class=\"et_pb_social_media_follow_network_name\">Follow<\/span><\/a><\/li><\/ul><\/div><\/div><div class=\"et_pb_row_1 et_pb_row et_block_row\"><div class=\"et_pb_column_2 et_pb_column et_pb_column_4_4 et-last-child et_block_column et_pb_css_mix_blend_mode_passthrough\"><div class=\"et_pb_text_1 et_pb_text et_pb_bg_layout_light et_pb_module et_flex_module\"><div class=\"et_pb_text_inner\"><h1>Kapcsolat<\/h1>\n<\/div><\/div><div class=\"et_pb_contact_form_0 et_pb_contact_form_container et_pb_text_align_left clearfix et_pb_module et_flex_module\" data-form_unique_num=\"0\" data-form_unique_id=\"7067d836e5cc6b8d0df5f1ee01accc26\" id=\"et_pb_contact_form_7067d836e5cc6b8d0df5f1ee01accc26\"><div class=\"et-pb-contact-message\"><\/div><div class=\"et_pb_contact\"><form class=\"et_pb_contact_form et_flex_module\" method=\"post\" action=\"https:\/\/jogaafaalatt.hu\/index.php\/wp-json\/wp\/v2\/pages\/36\"><div class=\"et_pb_contact_field_0 et_pb_contact_field et_pb_module et_flex_module et_flex_column_24_24 et_flex_column_24_24_tablet et_flex_column_24_24_phone\" data-id=\"name\" data-type=\"input\" data-conditional-logic=\"[[&quot;email&quot;,&quot;is&quot;,&quot;&quot;]]\" data-conditional-relation=\"any\"><label class=\"et_pb_contact_form_label\">N\u00e9v<\/label><input type=\"text\" name=\"et_pb_contact_0_name_0\" id=\"et_pb_contact_0_name_0\" class=\"input\" data-required_mark=\"required\" data-field_type=\"input\" data-original_id=\"name\" placeholder=\"N\u00e9v\" pattern=\".{2,}\" title=\"Minimum length: 2 characters. \" value=\"\" \/><\/div><div class=\"et_pb_contact_field_1 et_pb_contact_field et_pb_module et_flex_module et_flex_column_24_24 et_flex_column_24_24_tablet et_flex_column_24_24_phone\" data-id=\"email\" data-type=\"email\"><label class=\"et_pb_contact_form_label\">Email c\u00edm<\/label><input type=\"text\" name=\"et_pb_contact_0_email_1\" id=\"et_pb_contact_0_email_1\" class=\"input\" data-required_mark=\"required\" data-field_type=\"email\" data-original_id=\"email\" placeholder=\"Email c\u00edm\" title=\"\" value=\"\" \/><\/div><div class=\"et_pb_contact_field_2 et_pb_contact_field et_pb_module et_flex_module et_flex_column_24_24 et_flex_column_24_24_tablet et_flex_column_24_24_phone\" data-id=\"message\" data-type=\"text\"><label class=\"et_pb_contact_form_label\">Tedd fel k\u00e9rd\u00e9sed, vagy jelezd, hogy j\u00f6ssz<\/label><textarea name=\"et_pb_contact_0_message_2\" id=\"et_pb_contact_0_message_2\" class=\"et_pb_contact_message input\" data-required_mark=\"required\" data-field_type=\"text\" data-original_id=\"message\" placeholder=\"Tedd fel k\u00e9rd\u00e9sed, vagy jelezd, hogy j\u00f6ssz\"><\/textarea><\/div><div class=\"et_pb_contact_field_3 et_pb_contact_field et_pb_module et_flex_module et_flex_column_24_24 et_flex_column_24_24_tablet et_flex_column_24_24_phone\" data-id=\"d\u00c1tum\" data-type=\"input\"><label class=\"et_pb_contact_form_label\">J\u00f3ga \u00f3rA D\u00c1TUM<\/label><input type=\"text\" name=\"et_pb_contact_0_d\u00c1tum_3\" id=\"et_pb_contact_0_d\u00c1tum_3\" class=\"input\" data-required_mark=\"not_required\" data-field_type=\"input\" data-original_id=\"d\u00c1tum\" placeholder=\"J\u00f3ga \u00f3rA D\u00c1TUM\" title=\"\" value=\"\" \/><\/div><input type=\"hidden\" name=\"et_pb_contactform_submit_7067d836e5cc6b8d0df5f1ee01accc26\" value=\"et_contact_proccess\" \/><div class=\"et_contact_bottom_container\"><div class=\"et_pb_contact_right et_pb_contact_field\"><p class=\"clearfix\"><span class=\"et_pb_contact_captcha_question\">1 + 15<\/span> = <input type=\"text\" size=\"2\" class=\"input et_pb_contact_captcha\" data-first_digit=\"1\" data-second_digit=\"15\" data-required_mark=\"required\" name=\"et_pb_contact_captcha_7067d836e5cc6b8d0df5f1ee01accc26\" autocomplete=\"off\" \/><\/p><\/div><div class=\"et_pb_button_wrapper\"><button type=\"submit\" name=\"et_builder_submit_button\" class=\"et_pb_button et_pb_contact_submit\">K\u00fcld\u00e9s<\/button><\/div><\/div><input type=\"hidden\" id=\"_wpnonce-et-pb-contact-form-submitted-7067d836e5cc6b8d0df5f1ee01accc26\" name=\"_wpnonce-et-pb-contact-form-submitted-7067d836e5cc6b8d0df5f1ee01accc26\" value=\"e8bf2cfb60\" \/><input type=\"hidden\" name=\"_wp_http_referer\" value=\"\/index.php\/wp-json\/wp\/v2\/pages\/36\" \/><\/form><\/div><\/div><\/div><\/div><\/div><div class=\"et_pb_section_1 et_pb_section et_section_regular et_block_section\"><div class=\"et_pb_row_2 et_pb_row et_pb_equal_columns et_pb_gutters1 et_block_row\"><div class=\"et_pb_column_3 et_pb_column et_pb_column_2_5 et_block_column et_pb_css_mix_blend_mode_passthrough\"><div class=\"et_pb_text_2 et_pb_text et_pb_bg_layout_dark et_pb_module et_flex_module\"><div class=\"et_pb_text_inner\"><h6>C\u00edm<\/h6>\n<p>G\u00f6d\u0151ll\u0151 V\u00e1rosi- \u00e9s T\u00e9rs\u00e9gi uszoda<\/p>\n<p><span>2100 G\u00f6d\u00f6ll\u0151, Ady Endre s\u00e9t\u00e1ny. 9.<\/span><\/p>\n<p>&nbsp;<\/p>\n<p>&nbsp;<\/p>\n<\/div><\/div><\/div><div class=\"et_pb_column_4 et_pb_column et_pb_column_3_5 et-last-child et_block_column et_pb_css_mix_blend_mode_passthrough\"><div class=\"et_pb_code_0 et_pb_code et_pb_module\"><div class=\"et_pb_code_inner\"><iframe src=\"https:\/\/www.google.com\/maps\/embed?pb=!1m14!1m8!1m3!1d6906.791685066267!2d19.35723198752297!3d47.59182955947326!3m2!1i1024!2i768!4f13.1!3m3!1m2!1s0x4741c92ae1632e87%3A0xe922aa0d689c28dd!2zR8O2ZMO2bGzFkSBWw6Fyb3NpIMOpcyBUw6lyc8OpZ2kgVXN6b2Rh!5e0!3m2!1shu!2shu!4v1699817293687!5m2!1shu!2shu\" width=\"600\" height=\"450\" style=\"border:0;\" allowfullscreen=\"\" loading=\"lazy\" referrerpolicy=\"no-referrer-when-downgrade\"><\/iframe><\/div><\/div><\/div><\/div><\/div><div class=\"et_pb_section_2 et_pb_section et_section_regular et_block_section\"><div class=\"et_pb_row_3 et_pb_row et_pb_equal_columns et_block_row\"><div class=\"et_pb_column_5 et_pb_column et_pb_column_1_2 et_block_column et_pb_css_mix_blend_mode_passthrough\"><div class=\"et_pb_divider_0 et_pb_divider et_pb_space et_pb_divider_position_top et_pb_module\"><div class=\"et_pb_divider_internal\"><\/div><\/div><div class=\"et_pb_text_3 et_pb_text et_pb_bg_layout_light et_pb_module et_flex_module\"><div class=\"et_pb_text_inner\"><h2>Gyere \u00e9s j\u00f3g\u00e1zz velem<\/h2>\n<p>&nbsp;<\/p>\n<p>A k\u00f6z\u00f6s gyakorl\u00e1s kezd\u0151knek \u00e9s halad\u00f3knak egyar\u00e1nt sz\u00f3l, \u00a0ahol r\u00e1hangol\u00f3d\u00e1s \u00e9s bemeleg\u00edt\u00e9s ut\u00e1n \u00e1szan\u00e1kat (testhelyzeteket) \u00e9s pr\u00e1najamat (l\u00e9gl\u0151gyakorlatokat) fogunk gyakorolni, az \u00f3r\u00e1t pedig mindenki kedvenc\u00e9vel, r\u00f6vid relax\u00e1ci\u00f3val z\u00e1rjuk. A pr\u00e1najama gyakorlatokt\u00f3l nem kell megijedni, mindenki sz\u00e1m\u00e1ra kivitelezhet\u0151, egyszer\u0171 l\u00e9gz\u0151 technik\u00e1kr\u00f3l besz\u00e9l\u00fcnk, amiket azt\u00e1n a h\u00e9tk\u00f6znapokban is tudtok haszn\u00e1lni.\u00a0<\/p>\n<p>\u00c9s ami a legfontosabb: a j\u00f3g\u00e1ban semmi nem k\u00f6telez\u0151. B\u00e1rmire mondhatod, hogy k\u00f6szi, ezt nem szeretn\u00e9m csin\u00e1lni.<\/p>\n<\/div><\/div><div class=\"et_pb_module et_pb_button_module_wrapper et_pb_button_0_wrapper\"><a class=\"et_pb_button_0 et_pb_button et_pb_bg_layout_light et_pb_module et_flex_module\" href=\"https:\/\/zen-zone.motibro.com\/home\" target=\"_blank\">Jelentkezem<\/a><\/div><\/div><div class=\"et_pb_column_6 et_pb_column et_pb_column_1_2 et-last-child et_block_column et_pb_css_mix_blend_mode_passthrough\"><div class=\"et_pb_image_0 et_pb_image et_pb_module et_flex_module\"><span class=\"et_pb_image_wrap\"><img loading=\"lazy\" decoding=\"async\" src=\"https:\/\/jogaafaalatt.hu\/wp-content\/uploads\/2023\/11\/yoga-instructor_90.jpg\" width=\"800\" height=\"1084\" srcset=\"https:\/\/jogaafaalatt.hu\/wp-content\/uploads\/2023\/11\/yoga-instructor_90.jpg 800w, https:\/\/jogaafaalatt.hu\/wp-content\/uploads\/2023\/11\/yoga-instructor_90-480x650.jpg 480w\" sizes=\"(min-width: 0px) and (max-width: 480px) 480px, (min-width: 481px) 800px, 100vw\" class=\"wp-image-33\" \/><\/span><\/div><\/div><\/div><\/div><div class=\"et_pb_section_3 et_pb_section et_section_regular et_block_section\"><div class=\"et_pb_row_4 et_pb_row et_block_row\"><div class=\"et_pb_column_7 et_pb_column et_pb_column_1_2 et_block_column et_pb_css_mix_blend_mode_passthrough\"><div class=\"et_pb_text_4 et_pb_text et_pb_bg_layout_dark et_pb_module et_flex_module\"><div class=\"et_pb_text_inner\"><h6>K\u00f6vess be!<\/h6>\n<\/div><\/div><ul class=\"et_pb_social_media_follow_1 et_pb_social_media_follow clearfix et_pb_bg_layout_light et_pb_module et_flex_module\"><li class=\"et_pb_social_media_follow_network_2 et_pb_social_media_follow_network et_pb_social_icon et_pb_social_network_link et-social-facebook et_pb_module et_flex_module\"><a href=\"https:\/\/www.facebook.com\/profile.php?id=61552942296366\" class=\"icon\" target=\"_self\" title=\"Follow on Facebook\" rel=\"noopener\"><span class=\"et_pb_social_media_follow_network_name\">Follow<\/span><\/a><\/li><li class=\"et_pb_social_media_follow_network_3 et_pb_social_media_follow_network et_pb_social_icon et_pb_social_network_link et-social-instagram et_pb_module et_flex_module\"><a href=\"https:\/\/www.instagram.com\/joga_a_fa_alatt\/\" class=\"icon\" target=\"_self\" title=\"Follow on Instagram\" rel=\"noopener\"><span class=\"et_pb_social_media_follow_network_name\">Follow<\/span><\/a><\/li><\/ul><\/div><div class=\"et_pb_column_8 et_pb_column et_pb_column_1_2 et-last-child et_block_column et_pb_column_empty et_pb_css_mix_blend_mode_passthrough\"><\/div><\/div><div class=\"et_pb_row_5 et_pb_row et_pb_row_4col et_block_row\"><div class=\"et_pb_column_9 et_pb_column et_pb_column_1_4 et_block_column et_pb_css_mix_blend_mode_passthrough\"><div class=\"et_pb_text_5 et_pb_text et_pb_bg_layout_dark et_pb_module et_flex_module\"><div class=\"et_pb_text_inner\"><h6>Foglalkoz\u00e1s<\/h6>\n<p>H\u00e9tf\u0151: 18 :30<\/p>\n<\/div><\/div><\/div><div class=\"et_pb_column_10 et_pb_column et_pb_column_1_4 et_block_column et_pb_css_mix_blend_mode_passthrough\"><div class=\"et_pb_text_6 et_pb_text et_pb_bg_layout_dark et_pb_module et_flex_module\"><div class=\"et_pb_text_inner\"><h6>C\u00edm<\/h6>\n<p>G\u00f6d\u0151ll\u0151 v\u00e1rosi uszoda<\/p>\n<p><span>2100 <br \/>G\u00f6d\u00f6ll\u0151, Ady Endre s\u00e9t\u00e1ny. 9.<\/span><\/p>\n<\/div><\/div><\/div><div class=\"et_pb_column_11 et_pb_column et_pb_column_1_4 et_block_column et_pb_css_mix_blend_mode_passthrough\"><div class=\"et_pb_text_7 et_pb_text et_pb_bg_layout_dark et_pb_module et_flex_module\"><div class=\"et_pb_text_inner\"><h6>Email<\/h6>\n<p>jogaafaalatt@gmail.com<\/p>\n<\/div><\/div><\/div><div class=\"et_pb_column_12 et_pb_column et_pb_column_1_4 et-last-child et_block_column et_pb_column_empty et_pb_css_mix_blend_mode_passthrough\"><\/div><\/div><\/div>","protected":false},"excerpt":{"rendered":"","protected":false},"author":1,"featured_media":0,"parent":0,"menu_order":0,"comment_status":"closed","ping_status":"closed","template":"","meta":{"footnotes":""},"class_list":["post-36","page","type-page","status-publish","hentry"],"_links":{"self":[{"href":"https:\/\/jogaafaalatt.hu\/index.php\/wp-json\/wp\/v2\/pages\/36","targetHints":{"allow":["GET"]}}],"collection":[{"href":"https:\/\/jogaafaalatt.hu\/index.php\/wp-json\/wp\/v2\/pages"}],"about":[{"href":"https:\/\/jogaafaalatt.hu\/index.php\/wp-json\/wp\/v2\/types\/page"}],"author":[{"embeddable":true,"href":"https:\/\/jogaafaalatt.hu\/index.php\/wp-json\/wp\/v2\/users\/1"}],"replies":[{"embeddable":true,"href":"https:\/\/jogaafaalatt.hu\/index.php\/wp-json\/wp\/v2\/comments?post=36"}],"version-history":[{"count":24,"href":"https:\/\/jogaafaalatt.hu\/index.php\/wp-json\/wp\/v2\/pages\/36\/revisions"}],"predecessor-version":[{"id":363,"href":"https:\/\/jogaafaalatt.hu\/index.php\/wp-json\/wp\/v2\/pages\/36\/revisions\/363"}],"wp:attachment":[{"href":"https:\/\/jogaafaalatt.hu\/index.php\/wp-json\/wp\/v2\/media?parent=36"}],"curies":[{"name":"wp","href":"https:\/\/api.w.org\/{rel}","templated":true}]}}